{"id":141,"date":"2024-08-08T17:34:37","date_gmt":"2024-08-08T17:34:37","guid":{"rendered":"https:\/\/unpackbar.org\/monday\/?page_id=141"},"modified":"2025-01-11T11:59:51","modified_gmt":"2025-01-11T11:59:51","slug":"ueber-mich","status":"publish","type":"page","link":"https:\/\/unpackbar.org\/monday\/ueber-mich\/","title":{"rendered":"\u00dcber mich"},"content":{"rendered":"\n<p>Hallo, ich bin Manfred Stipanitz, ein leidenschaftlicher Fotograf aus Floridsdorf. Ich bin 1982 in Wien geboren und fotografiere seit 2014 intensiv und regelm\u00e4\u00dfig. Auf Instagram kennt man mich unter dem Pseudonym <a href=\"https:\/\/instagram.com\/monday82\" data-type=\"link\" data-id=\"https:\/\/instagram.com\/monday82\" target=\"_blank\" rel=\"noreferrer noopener\">@monday82<\/a>. Meine Lieblingsmotive sind Street, Natur, Architektur und Portrait. Ich liebe es, die Sch\u00f6nheit und Vielfalt der Welt mit meiner Kamera einzufangen und zu teilen.<\/p>\n\n\n\n<p>Ich biete DIr professionelle und kreative Fotoshootings an, sowohl analog als auch digital. Egal, ob Du ein pers\u00f6nliches Portr\u00e4t, P\u00e4rchenbilder, oder tolle Fotos f\u00fcr Socialmedia m\u00f6chtest, ich bin f\u00fcr DIch da. Ich m\u00f6chte, dass Du dich bei meinen Shootings wohl und entspannt f\u00fchlst und dass Du nicht nur tolle Fotos, sondern auch ein unvergessliches Erlebnis bekommst.<\/p>\n\n\n\n<p>Wenn Du an einer Zusammenarbeit mit mir interessiert bist, kontaktiere mich gerne \u00fcber das <a href=\"https:\/\/unpackbar.org\/monday\/kontakt\/\" data-type=\"page\" data-id=\"94\">Formular<\/a> auf dieser Seite. Ich freue mich darauf, von DIr zu h\u00f6ren und Deine W\u00fcnsche und Ideen zu besprechen.<\/p>\n\n\n\n<p>Neben meinen Fotoshootings mache ich gelegentlich auch Ausstellungen. Ich habe bereits zwei Ausstellungen in Wien organisiert, in denen ich meine besten Werke aus verschiedenen Genres pr\u00e4sentiert habe. Ich plane, in Zukunft weitere Ausstellungen zu veranstalten, um meine Leidenschaft f\u00fcr die Fotografie mit einem breiteren Publikum zu teilen. In meinem <a href=\"https:\/\/unpackbar.org\/monday\/portfolio\/\" data-type=\"page\" data-id=\"33\">Portfolio<\/a> bekommen Sie einen kleinen Einblick in meine facettenreiche Arbeit.<\/p>\n","protected":false},"excerpt":{"rendered":"<p>Hallo, ich bin Manfred Stipanitz, ein leidenschaftlicher Fotograf aus Floridsdorf. Ich bin 1982 in Wien geboren und fotografiere seit 2014 intensiv und regelm\u00e4\u00dfig. Auf Instagram kennt man mich unter dem Pseudonym @monday82. Meine Lieblingsmotive sind Street, Natur, Architektur und Portrait. Ich liebe es, die Sch\u00f6nheit &hellip; <a href=\"https:\/\/unpackbar.org\/monday\/ueber-mich\/\" class=\"more-link\"><span>Weiterlesen<span class=\"screen-reader-text\">\u00dcber mich<\/span><\/span><\/a><\/p>\n","protected":false},"author":1,"featured_media":5,"parent":0,"menu_order":0,"comment_status":"closed","ping_status":"closed","template":"","meta":{"footnotes":""},"class_list":["post-141","page","type-page","status-publish","has-post-thumbnail","hentry"],"_links":{"self":[{"href":"https:\/\/unpackbar.org\/monday\/wp-json\/wp\/v2\/pages\/141","targetHints":{"allow":["GET"]}}],"collection":[{"href":"https:\/\/unpackbar.org\/monday\/wp-json\/wp\/v2\/pages"}],"about":[{"href":"https:\/\/unpackbar.org\/monday\/wp-json\/wp\/v2\/types\/page"}],"author":[{"embeddable":true,"href":"https:\/\/unpackbar.org\/monday\/wp-json\/wp\/v2\/users\/1"}],"replies":[{"embeddable":true,"href":"https:\/\/unpackbar.org\/monday\/wp-json\/wp\/v2\/comments?post=141"}],"version-history":[{"count":10,"href":"https:\/\/unpackbar.org\/monday\/wp-json\/wp\/v2\/pages\/141\/revisions"}],"predecessor-version":[{"id":301,"href":"https:\/\/unpackbar.org\/monday\/wp-json\/wp\/v2\/pages\/141\/revisions\/301"}],"wp:featuredmedia":[{"embeddable":true,"href":"https:\/\/unpackbar.org\/monday\/wp-json\/wp\/v2\/media\/5"}],"wp:attachment":[{"href":"https:\/\/unpackbar.org\/monday\/wp-json\/wp\/v2\/media?parent=141"}],"curies":[{"name":"wp","href":"https:\/\/api.w.org\/{rel}","templated":true}]}}